{"id":461,"date":"2021-07-28T12:32:19","date_gmt":"2021-07-28T10:32:19","guid":{"rendered":"https:\/\/tpchc.be\/WP21\/?page_id=461"},"modified":"2022-05-11T13:43:40","modified_gmt":"2022-05-11T11:43:40","slug":"portefeuillevirtuel","status":"publish","type":"page","link":"https:\/\/tpchc.be\/WP21\/portefeuillevirtuel\/","title":{"rendered":"PortefeuilleVirtuel"},"content":{"rendered":"<div data-colibri-id=\"461-c1\" class=\"style-299 style-local-461-c1 position-relative\">\n  <!---->\n  <div data-colibri-component=\"section\" data-colibri-id=\"461-c2\" id=\"description\" class=\"h-section h-section-global-spacing d-flex align-items-lg-center align-items-md-center align-items-center style-300 style-local-461-c2 position-relative\">\n    <!---->\n    <!---->\n    <div class=\"h-section-grid-container h-section-boxed-container\">\n      <!---->\n      <div data-colibri-id=\"461-c3\" class=\"h-row-container gutters-row-lg-2 gutters-row-md-2 gutters-row-0 gutters-row-v-lg-2 gutters-row-v-md-2 gutters-row-v-2 style-304 style-local-461-c3 position-relative\">\n        <!---->\n        <div class=\"h-row justify-content-lg-center justify-content-md-center justify-content-center align-items-lg-stretch align-items-md-stretch align-items-stretch gutters-col-lg-2 gutters-col-md-2 gutters-col-0 gutters-col-v-lg-2 gutters-col-v-md-2 gutters-col-v-2\">\n          <!---->\n          <div class=\"h-column h-column-container d-flex h-col-lg-auto h-col-md-auto h-col-auto style-305-outer style-local-461-c4-outer\">\n            <div data-colibri-id=\"461-c4\" class=\"d-flex h-flex-basis h-column__inner h-px-lg-2 h-px-md-2 h-px-2 v-inner-lg-2 v-inner-md-2 v-inner-2 style-305 style-local-461-c4 position-relative\">\n              <!---->\n              <!---->\n              <div class=\"w-100 h-y-container h-column__content h-column__v-align flex-basis-100 align-self-lg-start align-self-md-start align-self-start\">\n                <!---->\n                <div data-colibri-id=\"461-c5\" class=\"h-global-transition-all h-heading style-306 style-local-461-c5 position-relative h-element\">\n                  <!---->\n                  <div class=\"h-heading__outer style-306 style-local-461-c5\">\n                    <!---->\n                    <!---->\n                    <h3 class=\"\">Le Tennis et le Padel.\n                      <br>R\u00e9servation et Location de terrains\n                      <br>\n                      <a href=\"https:\/\/tpchc.be\/Terrain\/afficher_prix.php\" style=\"font-size: 49%;\" target=\"_blank\" rel=\"noopener\"><em>Prix des r\u00e9servations<\/em><\/a>\n                    <\/h3>\n                  <\/div>\n                <\/div>\n              <\/div>\n            <\/div>\n          <\/div>\n        <\/div>\n      <\/div>\n      <div data-colibri-id=\"461-c6\" class=\"h-row-container gutters-row-lg-0 gutters-row-md-0 gutters-row-0 gutters-row-v-lg-0 gutters-row-v-md-0 gutters-row-v-0 style-301 style-local-461-c6 position-relative\">\n        <!---->\n        <div class=\"h-row justify-content-lg-center justify-content-md-center justify-content-center align-items-lg-stretch align-items-md-stretch align-items-stretch gutters-col-lg-0 gutters-col-md-0 gutters-col-0 gutters-col-v-lg-0 gutters-col-v-md-0 gutters-col-v-0\">\n          <!---->\n          <div class=\"h-column h-column-container d-flex h-col-lg-auto h-col-md-auto h-col-auto style-302-outer style-local-461-c7-outer\">\n            <div data-colibri-id=\"461-c7\" class=\"d-flex h-flex-basis h-column__inner h-px-lg-0 h-px-md-0 h-px-0 v-inner-lg-0 v-inner-md-0 v-inner-0 style-302 style-local-461-c7 position-relative\">\n              <!---->\n              <!---->\n              <div class=\"w-100 h-y-container h-column__content h-column__v-align flex-basis-100 align-self-lg-start align-self-md-start align-self-start\">\n                <!---->\n                <div data-colibri-id=\"461-c8\" class=\"h-text h-text-component style-303 style-local-461-c8 position-relative h-element\">\n                  <!---->\n                  <!---->\n                  <div class=\"\">\n                    <p>La location et la r\u00e9servation de terrains de tennis et de padel se fait via notre outil de r\u00e9servation. Le paiement des r\u00e9servations se fait \u00e0 travers un \u00a0\u00bb&nbsp;\n                      <u style=\"font-weight: 600;\">Portefeuille Virtuel<\/u>&nbsp;\u00a0\u00bb qui doit \u00eatre aliment\u00e9 avant de pouvoir r\u00e9server.<\/p>\n                    <p><span style=\"color: rgb(64, 85, 169); font-family: &quot;Open Sans&quot;; font-size: 16px; font-weight: 400;\">le compte cr\u00e9\u00e9 pour votre portefeuille virtuel est le m\u00eame pour la location\/r\u00e9servation des terrains de Tennis et de Padel, <\/span>\n                      <span\n                        style=\"color: rgb(228, 15, 15); font-family: &quot;Open Sans&quot;; font-size: 16px; font-weight: 600;\">MAIS&nbsp;<\/span><span style=\"color: rgb(228, 15, 15); font-weight: 600;\">ATTENTION<\/span> le portefeuille est compos\u00e9 de deux montants diff\u00e9rents: un pour le tennis et un pour le padel. Les montants ne sont PAS transf\u00e9rables d&rsquo;une\n                        utilisation tennis vers padel ou vice-versa. Les montants ne pourront pas \u00eatre rembours\u00e9s.<\/p>\n                    <p>Pour acc\u00e9der \u00e0 cet outil, il est n\u00e9cessaire de cr\u00e9er un compte et ensuite d\u2019alimenter votre portefeuille virtuel avec un montant pour le tennis ou pour le padel, qui vous permettra de payer vos r\u00e9servations de tennis ou padel<\/p>\n                    <p>1) Cr\u00e9er un compte en vous inscrivant ci-dessous: \u00ab&nbsp;<span style=\"font-weight: 600; color: rgb(243, 7, 17);\">S\u2019inscrire<\/span>\u00ab&nbsp;, votre adresse email sera votre identifiant pour les r\u00e9servations,<\/p>\n                    <p>2) Alimenter votre portefeuille virtuel en s\u00e9lectionnant&nbsp;\u00bb&nbsp;<em style=\"font-size: 32px; font-weight: 600; color: rgb(231, 168, 25);\">\u20ac<\/em><em style=\"font-size: 32px; font-weight: 600;\">&nbsp;<\/em>&nbsp;\u00bb ci-dessous, ensuite\n                      vous payez par Bancontact ou Visa (uniquement tennis).<\/p>\n                    <p>\n                      <br>\n                    <\/p>\n                  <\/div>\n                <\/div>\n              <\/div>\n            <\/div>\n          <\/div>\n        <\/div>\n      <\/div>\n      <div data-colibri-id=\"461-c9\" class=\"h-row-container gutters-row-lg-0 gutters-row-md-0 gutters-row-0 gutters-row-v-lg-0 gutters-row-v-md-0 gutters-row-v-0 style-376 style-local-461-c9 position-relative\">\n        <!---->\n        <div class=\"h-row justify-content-lg-center justify-content-md-center justify-content-center align-items-lg-stretch align-items-md-stretch align-items-stretch gutters-col-lg-0 gutters-col-md-0 gutters-col-0 gutters-col-v-lg-0 gutters-col-v-md-0 gutters-col-v-0\">\n          <!---->\n          <div class=\"h-column h-column-container d-flex h-col-lg-auto h-col-md-auto h-col-auto style-377-outer style-local-461-c10-outer\">\n            <div data-colibri-id=\"461-c10\" class=\"d-flex h-flex-basis h-column__inner h-px-lg-0 h-px-md-0 h-px-0 v-inner-lg-0 v-inner-md-0 v-inner-0 style-377 style-local-461-c10 position-relative\">\n              <!---->\n              <!---->\n              <div class=\"w-100 h-y-container h-column__content h-column__v-align flex-basis-100 align-self-lg-start align-self-md-start align-self-start\">\n                <!---->\n                <div data-colibri-id=\"461-c11\" class=\"d-block style-374 style-local-461-c11 position-relative h-element\">\n                  <!---->\n                  <div class=\"h-image__frame-container-outer\">\n                    <div class=\"h-image__frame-container\">\n                      <!---->\n                      <!---->\n                      <img loading=\"lazy\" decoding=\"async\" width=\"220\" height=\"156\" src=\"https:\/\/tpchc.be\/WP21\/wp-content\/uploads\/2021\/09\/cropped-bancontact.png\" class=\"wp-image-706 style-374-image style-local-461-c11-image\" alt=\"\" \/>\n                      <div class=\"h-image__frame h-hide-lg h-hide-md h-hide-sm style-374-frameImage style-local-461-c11-frameImage\"><\/div>\n                    <\/div>\n                  <\/div>\n                <\/div>\n              <\/div>\n            <\/div>\n          <\/div>\n          <div class=\"h-column h-column-container d-flex h-col-lg-auto h-col-md-auto h-col-auto style-378-outer style-local-461-c12-outer\">\n            <div data-colibri-id=\"461-c12\" class=\"d-flex h-flex-basis h-column__inner h-px-lg-2 h-px-md-2 h-px-2 v-inner-lg-2 v-inner-md-2 v-inner-2 style-378 style-local-461-c12 position-relative\">\n              <!---->\n              <!---->\n              <div class=\"w-100 h-y-container h-column__content h-column__v-align flex-basis-100 align-self-lg-start align-self-md-start align-self-start\">\n                <!---->\n                <div data-colibri-id=\"461-c13\" class=\"d-block style-375 style-local-461-c13 position-relative h-element\">\n                  <!---->\n                  <div class=\"h-image__frame-container-outer\">\n                    <div class=\"h-image__frame-container\">\n                      <!---->\n                      <!---->\n                      <img loading=\"lazy\" decoding=\"async\" width=\"227\" height=\"156\" src=\"https:\/\/tpchc.be\/WP21\/wp-content\/uploads\/2021\/09\/cropped-visa.png\" class=\"wp-image-708 style-375-image style-local-461-c13-image\" alt=\"\" \/>\n                      <div class=\"h-image__frame h-hide-lg h-hide-md h-hide-sm style-375-frameImage style-local-461-c13-frameImage\"><\/div>\n                    <\/div>\n                  <\/div>\n                <\/div>\n              <\/div>\n            <\/div>\n          <\/div>\n        <\/div>\n      <\/div>\n      <div data-colibri-id=\"461-c14\" class=\"h-row-container gutters-row-lg-0 gutters-row-md-0 gutters-row-0 gutters-row-v-lg-0 gutters-row-v-md-0 gutters-row-v-0 style-382 style-local-461-c14 position-relative\">\n        <!---->\n        <div class=\"h-row justify-content-lg-center justify-content-md-center justify-content-center align-items-lg-stretch align-items-md-stretch align-items-stretch gutters-col-lg-0 gutters-col-md-0 gutters-col-0 gutters-col-v-lg-0 gutters-col-v-md-0 gutters-col-v-0\">\n          <!---->\n          <div class=\"h-column h-column-container d-flex h-col-lg-12 h-col-md-12 h-col-12 style-383-outer style-local-461-c15-outer\">\n            <div data-colibri-id=\"461-c15\" class=\"d-flex h-flex-basis h-column__inner h-px-lg-0 h-px-md-0 h-px-0 v-inner-lg-0 v-inner-md-0 v-inner-0 style-383 style-local-461-c15 position-relative\">\n              <!---->\n              <!---->\n              <div class=\"w-100 h-y-container h-column__content h-column__v-align flex-basis-100 align-self-lg-start align-self-md-start align-self-start\">\n                <!---->\n                <div data-colibri-id=\"461-c16\" class=\"h-text h-text-component style-303 style-local-461-c16 position-relative h-element\">\n                  <!---->\n                  <!---->\n                  <div class=\"\">\n                    <p>3) D\u00e8s que votre paiement aura \u00e9t\u00e9 ex\u00e9cut\u00e9, vous pourrez r\u00e9server votre terrain en vous identifiant avec les donn\u00e9es de votre compte.<\/p>\n                    <p>\n                      <br>\n                    <\/p>\n                    <p>\n                      <br>\n                    <\/p>\n                  <\/div>\n                <\/div>\n              <\/div>\n            <\/div>\n          <\/div>\n        <\/div>\n      <\/div>\n      <div data-colibri-id=\"461-c17\" class=\"h-row-container gutters-row-lg-2 gutters-row-md-2 gutters-row-0 gutters-row-v-lg-2 gutters-row-v-md-2 gutters-row-v-2 style-321 style-local-461-c17 position-relative\">\n        <!---->\n        <div class=\"h-row justify-content-lg-center justify-content-md-center justify-content-center align-items-lg-stretch align-items-md-stretch align-items-stretch gutters-col-lg-2 gutters-col-md-2 gutters-col-0 gutters-col-v-lg-2 gutters-col-v-md-2 gutters-col-v-2\">\n          <!---->\n          <div class=\"h-column h-column-container d-flex h-col-lg-auto h-col-md-auto h-col-auto style-322-outer style-local-461-c18-outer\">\n            <div data-colibri-id=\"461-c18\" class=\"d-flex h-flex-basis h-column__inner h-px-lg-2 h-px-md-2 h-px-2 v-inner-lg-2 v-inner-md-2 v-inner-2 style-322 style-local-461-c18 position-relative\">\n              <!---->\n              <!---->\n              <div class=\"w-100 h-y-container h-column__content h-column__v-align flex-basis-100 align-self-lg-start align-self-md-start align-self-start\">\n                <!---->\n                <div data-colibri-id=\"461-c19\" class=\"d-block style-326 style-local-461-c19 position-relative h-element\">\n                  <!---->\n                  <div class=\"h-image__frame-container-outer\">\n                    <a href=\"https:\/\/www.tpchc.be\/Terrain\/Adherents_port\/add_adherant_1.php\" h-use-smooth-scroll=\"true\" class=\"image-link\">\n                      <div class=\"h-image__frame-container\">\n                        <!---->\n                        <!---->\n                        <img loading=\"lazy\" decoding=\"async\" width=\"270\" height=\"150\" src=\"https:\/\/tpchc.be\/WP21\/wp-content\/uploads\/2021\/07\/cropped-inscrire.jpeg\" class=\"wp-image-465 style-326-image style-local-461-c19-image\" alt=\"\" \/>\n                        <div class=\"h-image__frame h-hide-lg h-hide-md h-hide-sm style-326-frameImage style-local-461-c19-frameImage\"><\/div>\n                      <\/div>\n                    <\/a>\n                  <\/div>\n                <\/div>\n                <div data-colibri-id=\"461-c20\" class=\"h-text h-text-component style-330 style-local-461-c20 position-relative h-element\">\n                  <!---->\n                  <!---->\n                  <div class=\"\">\n                    <p>Je cr\u00e9e mon portefeuille<\/p>\n                  <\/div>\n                <\/div>\n              <\/div>\n            <\/div>\n          <\/div>\n          <div class=\"h-column h-column-container d-flex h-col-lg-auto h-col-md-auto h-col-auto style-324-outer style-local-461-c21-outer\">\n            <div data-colibri-id=\"461-c21\" class=\"d-flex h-flex-basis h-column__inner h-px-lg-2 h-px-md-2 h-px-2 v-inner-lg-2 v-inner-md-2 v-inner-2 style-324 style-local-461-c21 position-relative\">\n              <!---->\n              <!---->\n              <div class=\"w-100 h-y-container h-column__content h-column__v-align flex-basis-100 align-self-lg-start align-self-md-start align-self-start\">\n                <!---->\n                <div data-colibri-id=\"461-c22\" class=\"d-block style-329 style-local-461-c22 position-relative h-element\">\n                  <!---->\n                  <div class=\"h-image__frame-container-outer\">\n                    <a href=\"https:\/\/www.tpchc.be\/Terrain\/Adherents_port\/login_adherant_1.php\" h-use-smooth-scroll=\"true\" class=\"image-link\">\n                      <div class=\"h-image__frame-container\">\n                        <!---->\n                        <!---->\n                        <img loading=\"lazy\" decoding=\"async\" width=\"1507\" height=\"1136\" src=\"https:\/\/tpchc.be\/WP21\/wp-content\/uploads\/2022\/04\/cropped-portefeuille_tennis.png\" class=\"wp-image-870 style-329-image style-local-461-c22-image\" alt=\"\" srcset=\"https:\/\/tpchc.be\/WP21\/wp-content\/uploads\/2022\/04\/cropped-portefeuille_tennis.png 1507w, https:\/\/tpchc.be\/WP21\/wp-content\/uploads\/2022\/04\/cropped-portefeuille_tennis-300x226.png 300w, https:\/\/tpchc.be\/WP21\/wp-content\/uploads\/2022\/04\/cropped-portefeuille_tennis-1024x772.png 1024w, https:\/\/tpchc.be\/WP21\/wp-content\/uploads\/2022\/04\/cropped-portefeuille_tennis-768x579.png 768w\" sizes=\"auto, (max-width: 1507px) 100vw, 1507px\" \/>\n                        <div class=\"h-image__frame h-hide-lg h-hide-md h-hide-sm style-329-frameImage style-local-461-c22-frameImage\"><\/div>\n                      <\/div>\n                    <\/a>\n                  <\/div>\n                <\/div>\n                <div data-colibri-id=\"461-c23\" class=\"h-text h-text-component style-330 style-local-461-c23 position-relative h-element\">\n                  <!---->\n                  <!---->\n                  <div class=\"\">\n                    <p>J&rsquo;alimente mon portefeuille pour les parties de TENNIS<\/p>\n                  <\/div>\n                <\/div>\n              <\/div>\n            <\/div>\n          <\/div>\n          <div class=\"h-column h-column-container d-flex h-col-lg-auto h-col-md-auto h-col-auto style-438-outer style-local-461-c24-outer\">\n            <div data-colibri-id=\"461-c24\" class=\"d-flex h-flex-basis h-column__inner h-px-lg-2 h-px-md-2 h-px-2 v-inner-lg-2 v-inner-md-2 v-inner-2 style-438 style-local-461-c24 position-relative\">\n              <!---->\n              <!---->\n              <div class=\"w-100 h-y-container h-column__content h-column__v-align flex-basis-100 align-self-lg-start align-self-md-start align-self-start\">\n                <!---->\n                <div data-colibri-id=\"461-c25\" class=\"d-block style-329 style-local-461-c25 position-relative h-element\">\n                  <!---->\n                  <div class=\"h-image__frame-container-outer\">\n                    <a href=\"https:\/\/tpchc.be\/Terrain\/Adherents_port\/login_adherant_1_padel.php\" target=\"_blank\" h-use-smooth-scroll=\"true\" class=\"image-link\" rel=\"noopener\">\n                      <div class=\"h-image__frame-container\">\n                        <!---->\n                        <!---->\n                        <img loading=\"lazy\" decoding=\"async\" width=\"1443\" height=\"1223\" src=\"https:\/\/tpchc.be\/WP21\/wp-content\/uploads\/2022\/04\/cropped-portefeuille_padel.png\" class=\"wp-image-872 style-329-image style-local-461-c25-image\" alt=\"\" srcset=\"https:\/\/tpchc.be\/WP21\/wp-content\/uploads\/2022\/04\/cropped-portefeuille_padel.png 1443w, https:\/\/tpchc.be\/WP21\/wp-content\/uploads\/2022\/04\/cropped-portefeuille_padel-300x254.png 300w, https:\/\/tpchc.be\/WP21\/wp-content\/uploads\/2022\/04\/cropped-portefeuille_padel-1024x868.png 1024w, https:\/\/tpchc.be\/WP21\/wp-content\/uploads\/2022\/04\/cropped-portefeuille_padel-768x651.png 768w\" sizes=\"auto, (max-width: 1443px) 100vw, 1443px\" \/>\n                        <div class=\"h-image__frame h-hide-lg h-hide-md h-hide-sm style-329-frameImage style-local-461-c25-frameImage\"><\/div>\n                      <\/div>\n                    <\/a>\n                  <\/div>\n                <\/div>\n                <div data-colibri-id=\"461-c26\" class=\"h-text h-text-component style-330 style-local-461-c26 position-relative h-element\">\n                  <!---->\n                  <!---->\n                  <div class=\"\">\n                    <p>J&rsquo;alimente mon portefeuille pour les parties de PADEL<\/p>\n                  <\/div>\n                <\/div>\n              <\/div>\n            <\/div>\n          <\/div>\n          <div class=\"h-column h-column-container d-flex h-col-lg-auto h-col-md-auto h-col-auto style-323-outer style-local-461-c27-outer\">\n            <div data-colibri-id=\"461-c27\" class=\"d-flex h-flex-basis h-column__inner h-px-lg-2 h-px-md-2 h-px-2 v-inner-lg-2 v-inner-md-2 v-inner-2 style-323 style-local-461-c27 position-relative\">\n              <!---->\n              <!---->\n              <div class=\"w-100 h-y-container h-column__content h-column__v-align flex-basis-100 align-self-lg-start align-self-md-start align-self-start\">\n                <!---->\n                <div data-colibri-id=\"461-c28\" class=\"d-block style-327 style-local-461-c28 position-relative h-element\">\n                  <!---->\n                  <div class=\"h-image__frame-container-outer\">\n                    <a href=\"https:\/\/www.tpchc.be\/Terrain\/Adherents_port\/modif_adherant_1.php\" h-use-smooth-scroll=\"true\" class=\"image-link\">\n                      <div class=\"h-image__frame-container\">\n                        <!---->\n                        <!---->\n                        <img loading=\"lazy\" decoding=\"async\" width=\"128\" height=\"128\" src=\"https:\/\/tpchc.be\/WP21\/wp-content\/uploads\/2021\/07\/cropped-editer.png\" class=\"wp-image-467 style-327-image style-local-461-c28-image\" alt=\"\" \/>\n                        <div class=\"h-image__frame h-hide-lg h-hide-md h-hide-sm style-327-frameImage style-local-461-c28-frameImage\"><\/div>\n                      <\/div>\n                    <\/a>\n                  <\/div>\n                <\/div>\n                <div data-colibri-id=\"461-c29\" class=\"h-text h-text-component style-330 style-local-461-c29 position-relative h-element\">\n                  <!---->\n                  <!---->\n                  <div class=\"\">\n                    <p>J&rsquo;\u00e9dite mes donn\u00e9es<\/p>\n                  <\/div>\n                <\/div>\n                <div data-colibri-id=\"461-c30\" class=\"h-x-container style-370 style-local-461-c30 position-relative h-element\">\n                  <!---->\n                  <div class=\"h-x-container-inner style-dynamic-461-c30-group style-370-spacing style-local-461-c30-spacing\"><span class=\"h-button__outer style-371-outer style-local-461-c31-outer d-inline-flex h-element\"><a h-use-smooth-scroll=\"true\" href=\"https:\/\/www.tpchc.be\/Terrain\/Adherents_port\/Oubli_passwd.php\"  data-colibri-id=\"461-c31\" class=\"d-flex w-100 align-items-center h-button justify-content-lg-center justify-content-md-center justify-content-center style-371 style-local-461-c31 position-relative\"><!----><!----> <span>Mot de passe oubli\u00e9<\/span><\/a>\n                    <\/span>\n                  <\/div>\n                <\/div>\n              <\/div>\n            <\/div>\n          <\/div>\n        <\/div>\n      <\/div>\n    <\/div>\n  <\/div>\n<\/div>","protected":false},"excerpt":{"rendered":"<p>Le Tennis et le Padel. R\u00e9servation et Location de terrains Prix des r\u00e9servations La location et la r\u00e9servation de terrains de tennis et de padel se fait via notre outil de r\u00e9servation. Le paiement des r\u00e9servations se fait \u00e0 travers un \u00a0\u00bb&nbsp; Portefeuille Virtuel&nbsp;\u00a0\u00bb qui doit \u00eatre aliment\u00e9 avant de pouvoir r\u00e9server. le compte cr\u00e9\u00e9 [&hellip;]<\/p>\n","protected":false},"author":1,"featured_media":0,"parent":0,"menu_order":10,"comment_status":"closed","ping_status":"closed","template":"page-templates\/full-width-page.php","meta":{"footnotes":""},"class_list":["post-461","page","type-page","status-publish","hentry"],"_links":{"self":[{"href":"https:\/\/tpchc.be\/WP21\/wp-json\/wp\/v2\/pages\/461","targetHints":{"allow":["GET"]}}],"collection":[{"href":"https:\/\/tpchc.be\/WP21\/wp-json\/wp\/v2\/pages"}],"about":[{"href":"https:\/\/tpchc.be\/WP21\/wp-json\/wp\/v2\/types\/page"}],"author":[{"embeddable":true,"href":"https:\/\/tpchc.be\/WP21\/wp-json\/wp\/v2\/users\/1"}],"replies":[{"embeddable":true,"href":"https:\/\/tpchc.be\/WP21\/wp-json\/wp\/v2\/comments?post=461"}],"version-history":[{"count":20,"href":"https:\/\/tpchc.be\/WP21\/wp-json\/wp\/v2\/pages\/461\/revisions"}],"predecessor-version":[{"id":984,"href":"https:\/\/tpchc.be\/WP21\/wp-json\/wp\/v2\/pages\/461\/revisions\/984"}],"wp:attachment":[{"href":"https:\/\/tpchc.be\/WP21\/wp-json\/wp\/v2\/media?parent=461"}],"curies":[{"name":"wp","href":"https:\/\/api.w.org\/{rel}","templated":true}]}}